{"id":533,"date":"2018-01-09T21:53:18","date_gmt":"2018-01-09T20:53:18","guid":{"rendered":"http:\/\/weinbauverein-guentersleben.de\/?page_id=533"},"modified":"2019-02-25T22:46:17","modified_gmt":"2019-02-25T21:46:17","slug":"mitglied-werden","status":"publish","type":"page","link":"http:\/\/weinbauverein-guentersleben.de\/?page_id=533","title":{"rendered":"Mitglied werden"},"content":{"rendered":"<p>Nicht nur Winzer k\u00f6nnen bei uns Mitglied werden. Wir freuen uns \u00fcber alle Interessierte, die dem Wein und unserer fr\u00e4nkischen Weinkultur zugetan sind. Helfende H\u00e4nde und gute Ideen sind bei unseren Veranstaltungen immer willkommen. Unsere Weinprinzessin freut sich \u00fcber nette Begleitung zu den zahlreichen Kr\u00f6nungsfeiern, die sie besucht.<\/p>\n<p>Wer wei\u00df &#8211; vielleicht entdecken Sie ja auch Ihr Jungwinzertalent&#8230;.<\/p>\n<p><a href=\"http:\/\/weinbauverein-guentersleben.de\/wp-content\/uploads\/2018\/01\/Aufnahmeantrag.pdf\">Aufnahmeantrag<\/a><\/p>\n","protected":false},"excerpt":{"rendered":"<p>Nicht nur Winzer k\u00f6nnen bei uns Mitglied werden. Wir freuen uns \u00fcber alle Interessierte, die dem Wein und unserer fr\u00e4nkischen Weinkultur zugetan sind. Helfende H\u00e4nde und gute Ideen sind bei unseren Veranstaltungen immer willkommen. Unsere&hellip; <a href=\"http:\/\/weinbauverein-guentersleben.de\/?page_id=533\">Mehr<\/a><\/p>\n","protected":false},"author":1,"featured_media":0,"parent":2,"menu_order":5,"comment_status":"closed","ping_status":"closed","template":"","meta":{"jetpack_post_was_ever_published":false,"footnotes":""},"class_list":["post-533","page","type-page","status-publish","hentry"],"jetpack_sharing_enabled":true,"jetpack_shortlink":"https:\/\/wp.me\/P8DGnW-8B","_links":{"self":[{"href":"http:\/\/weinbauverein-guentersleben.de\/index.php?rest_route=\/wp\/v2\/pages\/533","targetHints":{"allow":["GET"]}}],"collection":[{"href":"http:\/\/weinbauverein-guentersleben.de\/index.php?rest_route=\/wp\/v2\/pages"}],"about":[{"href":"http:\/\/weinbauverein-guentersleben.de\/index.php?rest_route=\/wp\/v2\/types\/page"}],"author":[{"embeddable":true,"href":"http:\/\/weinbauverein-guentersleben.de\/index.php?rest_route=\/wp\/v2\/users\/1"}],"replies":[{"embeddable":true,"href":"http:\/\/weinbauverein-guentersleben.de\/index.php?rest_route=%2Fwp%2Fv2%2Fcomments&post=533"}],"version-history":[{"count":2,"href":"http:\/\/weinbauverein-guentersleben.de\/index.php?rest_route=\/wp\/v2\/pages\/533\/revisions"}],"predecessor-version":[{"id":536,"href":"http:\/\/weinbauverein-guentersleben.de\/index.php?rest_route=\/wp\/v2\/pages\/533\/revisions\/536"}],"up":[{"embeddable":true,"href":"http:\/\/weinbauverein-guentersleben.de\/index.php?rest_route=\/wp\/v2\/pages\/2"}],"wp:attachment":[{"href":"http:\/\/weinbauverein-guentersleben.de\/index.php?rest_route=%2Fwp%2Fv2%2Fmedia&parent=533"}],"curies":[{"name":"wp","href":"https:\/\/api.w.org\/{rel}","templated":true}]}}