{"id":25,"date":"2017-04-18T20:41:24","date_gmt":"2017-04-18T20:41:24","guid":{"rendered":"http:\/\/weinbauverein-guentersleben.de\/?page_id=25"},"modified":"2024-02-20T20:42:36","modified_gmt":"2024-02-20T19:42:36","slug":"unser-verein","status":"publish","type":"page","link":"http:\/\/weinbauverein-guentersleben.de\/?page_id=25","title":{"rendered":"Unser Vorstand"},"content":{"rendered":"<p>Erste Vorsitzende:<br \/>\nMarianne Scheu-Helgert, <span class=\" fc-falcon\">Winterleitenweg 56, <\/span> G\u00fcntersleben<br \/>\nTel. 0 93 65 \/ 37713, email: vorstand@weinbauverein-guentersleben.de<\/p>\n<p>Zweiter Vorsitzender:<br \/>\nBernd Sch\u00f6mig, Josef-Weber-Str. 24, 97261 G\u00fcntersleben<br \/>\nTel. 0 93 65 \/ 25 45<\/p>\n<p>Dritter Vorsitzender:<br \/>\nMichael K\u00f6hler, Fr\u00fchlingstr. 44a, 97261 G\u00fcntersleben<br \/>\nTel. 0 93 65 \/ 88 87 97<\/p>\n<p>Kassenverwalterin:<br \/>\nAngelika Will, Th\u00fcngersheimer Str. 96, 97261 G\u00fcntersleben<br \/>\nTel. 0 93 65 \/ 15 28<\/p>\n<p>Schriftf\u00fchrerin:<br \/>\nAndrea Herbert, Langgasse 5, 97261 G\u00fcntersleben<br \/>\nTel. 0 93 65 \/ 88 84 71<\/p>\n<p>Weinprinzessin:<br \/>\nMaria Sch\u00f6mig, Email: prinzessin@weinbauverein-guentersleben.de<\/p>\n<p>Ehrenvorsitzender von 2006 bis 2021: <a href=\"http:\/\/weinbauverein-guentersleben.de\/?p=2116\">Alfred Issing<\/a><\/p>\n","protected":false},"excerpt":{"rendered":"<p>Erste Vorsitzende: Marianne Scheu-Helgert, Winterleitenweg 56, G\u00fcntersleben Tel. 0 93 65 \/ 37713, email: vorstand@weinbauverein-guentersleben.de Zweiter Vorsitzender: Bernd Sch\u00f6mig, Josef-Weber-Str. 24, 97261 G\u00fcntersleben Tel. 0 93 65 \/ 25 45 Dritter Vorsitzender: Michael K\u00f6hler, Fr\u00fchlingstr.&hellip; <a href=\"http:\/\/weinbauverein-guentersleben.de\/?page_id=25\">Mehr<\/a><\/p>\n","protected":false},"author":1,"featured_media":0,"parent":2,"menu_order":1,"comment_status":"closed","ping_status":"closed","template":"","meta":{"jetpack_post_was_ever_published":false,"footnotes":""},"class_list":["post-25","page","type-page","status-publish","hentry"],"jetpack_sharing_enabled":true,"jetpack_shortlink":"https:\/\/wp.me\/P8DGnW-p","_links":{"self":[{"href":"http:\/\/weinbauverein-guentersleben.de\/index.php?rest_route=\/wp\/v2\/pages\/25","targetHints":{"allow":["GET"]}}],"collection":[{"href":"http:\/\/weinbauverein-guentersleben.de\/index.php?rest_route=\/wp\/v2\/pages"}],"about":[{"href":"http:\/\/weinbauverein-guentersleben.de\/index.php?rest_route=\/wp\/v2\/types\/page"}],"author":[{"embeddable":true,"href":"http:\/\/weinbauverein-guentersleben.de\/index.php?rest_route=\/wp\/v2\/users\/1"}],"replies":[{"embeddable":true,"href":"http:\/\/weinbauverein-guentersleben.de\/index.php?rest_route=%2Fwp%2Fv2%2Fcomments&post=25"}],"version-history":[{"count":11,"href":"http:\/\/weinbauverein-guentersleben.de\/index.php?rest_route=\/wp\/v2\/pages\/25\/revisions"}],"predecessor-version":[{"id":2447,"href":"http:\/\/weinbauverein-guentersleben.de\/index.php?rest_route=\/wp\/v2\/pages\/25\/revisions\/2447"}],"up":[{"embeddable":true,"href":"http:\/\/weinbauverein-guentersleben.de\/index.php?rest_route=\/wp\/v2\/pages\/2"}],"wp:attachment":[{"href":"http:\/\/weinbauverein-guentersleben.de\/index.php?rest_route=%2Fwp%2Fv2%2Fmedia&parent=25"}],"curies":[{"name":"wp","href":"https:\/\/api.w.org\/{rel}","templated":true}]}}