{"id":2,"date":"2016-05-10T03:48:21","date_gmt":"2016-05-10T03:48:21","guid":{"rendered":"http:\/\/weinbauverein-guentersleben.de\/?page_id=2"},"modified":"2021-06-08T21:54:28","modified_gmt":"2021-06-08T19:54:28","slug":"sample-page","status":"publish","type":"page","link":"http:\/\/weinbauverein-guentersleben.de\/","title":{"rendered":"\u00dcber uns"},"content":{"rendered":"<p>Der Weinbauverein G\u00fcntersleben wurde gegr\u00fcndet am 11. Juli 1990. Von den 62 Mitgliedern sind 17 selbstvermarktende Weinbaubetriebe.<br>\nUnsere Weinlage, der G\u00fcnterslebener Sommerstuhl, geh\u00f6rt mit seinen 17 Hektar zur Gro\u00dflange Th\u00fcngersheimer Ravensburg. Angebaut werden die Rebsorten M\u00fcller-Thurgau, Bacchus, Silvaner, Kerner, Scheurebe, Perle, Gew\u00fcrztraminer, Portugieser, Domina, Dornfelder, Regent.<\/p>\n<p class=\"jetpack-slideshow-noscript robots-nocontent\">Diese Diashow ben\u00f6tigt JavaScript.<\/p><div id=\"gallery-2-1-slideshow\" class=\"jetpack-slideshow-window jetpack-slideshow jetpack-slideshow-black\" data-trans=\"fade\" data-autostart=\"1\" data-gallery=\"[{&quot;src&quot;:&quot;http:\\\/\\\/weinbauverein-guentersleben.de\\\/wp-content\\\/uploads\\\/2017\\\/10\\\/20171020_142735.jpg&quot;,&quot;id&quot;:&quot;405&quot;,&quot;title&quot;:&quot;20171020_142735&quot;,&quot;alt&quot;:&quot;&quot;,&quot;caption&quot;:&quot;Domina, dunkle Trauben umrahmt von farbenfrohem Herbstlaub&quot;,&quot;itemprop&quot;:&quot;image&quot;},{&quot;src&quot;:&quot;http:\\\/\\\/weinbauverein-guentersleben.de\\\/wp-content\\\/uploads\\\/2018\\\/10\\\/IMG_20181014_175551.jpg&quot;,&quot;id&quot;:&quot;1096&quot;,&quot;title&quot;:&quot;cof&quot;,&quot;alt&quot;:&quot;&quot;,&quot;caption&quot;:&quot;Rebst\\u00f6cke im Abendlicht&quot;,&quot;itemprop&quot;:&quot;image&quot;},{&quot;src&quot;:&quot;http:\\\/\\\/weinbauverein-guentersleben.de\\\/wp-content\\\/uploads\\\/2018\\\/10\\\/IMG_20181014_174759.jpg&quot;,&quot;id&quot;:&quot;1077&quot;,&quot;title&quot;:&quot;rhdr&quot;,&quot;alt&quot;:&quot;&quot;,&quot;caption&quot;:&quot;Im Licht der Abendsonne&quot;,&quot;itemprop&quot;:&quot;image&quot;},{&quot;src&quot;:&quot;http:\\\/\\\/weinbauverein-guentersleben.de\\\/wp-content\\\/uploads\\\/2018\\\/10\\\/IMG_20181014_180135.jpg&quot;,&quot;id&quot;:&quot;1098&quot;,&quot;title&quot;:&quot;cof&quot;,&quot;alt&quot;:&quot;&quot;,&quot;caption&quot;:&quot;Abendstimmung am Bildstock&quot;,&quot;itemprop&quot;:&quot;image&quot;},{&quot;src&quot;:&quot;http:\\\/\\\/weinbauverein-guentersleben.de\\\/wp-content\\\/uploads\\\/2018\\\/10\\\/IMG_20181014_174253.jpg&quot;,&quot;id&quot;:&quot;1106&quot;,&quot;title&quot;:&quot;cof&quot;,&quot;alt&quot;:&quot;&quot;,&quot;caption&quot;:&quot;Goldener Oktober&quot;,&quot;itemprop&quot;:&quot;image&quot;},{&quot;src&quot;:&quot;http:\\\/\\\/weinbauverein-guentersleben.de\\\/wp-content\\\/uploads\\\/2017\\\/10\\\/20171020_143936.jpg&quot;,&quot;id&quot;:&quot;387&quot;,&quot;title&quot;:&quot;20171020_143936&quot;,&quot;alt&quot;:&quot;&quot;,&quot;caption&quot;:&quot;Mit der Herbstf\\u00e4rbung lassen sich die kleinen Parzellen am G\\u00fcnterslebener Sommerstuhl besonders gut unterscheiden.&quot;,&quot;itemprop&quot;:&quot;image&quot;},{&quot;src&quot;:&quot;http:\\\/\\\/weinbauverein-guentersleben.de\\\/wp-content\\\/uploads\\\/2018\\\/10\\\/IMG_20181014_175051.jpg&quot;,&quot;id&quot;:&quot;1087&quot;,&quot;title&quot;:&quot;cof&quot;,&quot;alt&quot;:&quot;&quot;,&quot;caption&quot;:&quot;Maternush\\u00fctte mit Herbstschmuck&quot;,&quot;itemprop&quot;:&quot;image&quot;},{&quot;src&quot;:&quot;http:\\\/\\\/weinbauverein-guentersleben.de\\\/wp-content\\\/uploads\\\/2017\\\/10\\\/20171020_143930.jpg&quot;,&quot;id&quot;:&quot;386&quot;,&quot;title&quot;:&quot;20171020_143930&quot;,&quot;alt&quot;:&quot;&quot;,&quot;caption&quot;:&quot;Herbstliches Farbenspiel am G\\u00fcnterslebener Sommerstuhl&quot;,&quot;itemprop&quot;:&quot;image&quot;},{&quot;src&quot;:&quot;http:\\\/\\\/weinbauverein-guentersleben.de\\\/wp-content\\\/uploads\\\/2018\\\/10\\\/IMG_20181014_174848.jpg&quot;,&quot;id&quot;:&quot;1079&quot;,&quot;title&quot;:&quot;dav&quot;,&quot;alt&quot;:&quot;&quot;,&quot;caption&quot;:&quot;Farbenspiel im Weinberg&quot;,&quot;itemprop&quot;:&quot;image&quot;}]\" itemscope itemtype=\"https:\/\/schema.org\/ImageGallery\"><\/div>\n\n\n<p>Der G\u00fcnterslebener Sommerstuhl ist eine kleine feine Weinlage, die nur wenig durch die Flurbereinigung ver\u00e4ndert wurde. Auch heute findet man dort klein strukturierte Weinberge im Wechsel mit Streuobst, Hecken und kleinen Waldst\u00fccken. Erst k\u00fcrzlich wurden einige Weinbergsmauern erneuert, so dass die Weinlage weiterhin ihren Charme erh\u00e4lt. Der Mainwanderweg f\u00fchrt durch den unteren Teil der Weinlage und die zentral gelegene Maternush\u00fctte l\u00e4dt Wanderer, Winzer und Ausfl\u00fcgler zu einer aussichtsreichen Rast ein. <\/p>\n\n\n\n<p><\/p>\n\n\n\n<figure class=\"wp-block-image size-large\"><img loading=\"lazy\" decoding=\"async\" width=\"1024\" height=\"485\" src=\"http:\/\/weinbauverein-guentersleben.de\/wp-content\/uploads\/2021\/06\/Uebersicht_Sommerstuhl-1024x485.jpg\" alt=\"\" class=\"wp-image-1916\" srcset=\"http:\/\/weinbauverein-guentersleben.de\/wp-content\/uploads\/2021\/06\/Uebersicht_Sommerstuhl-1024x485.jpg 1024w, http:\/\/weinbauverein-guentersleben.de\/wp-content\/uploads\/2021\/06\/Uebersicht_Sommerstuhl-300x142.jpg 300w, http:\/\/weinbauverein-guentersleben.de\/wp-content\/uploads\/2021\/06\/Uebersicht_Sommerstuhl-768x364.jpg 768w, http:\/\/weinbauverein-guentersleben.de\/wp-content\/uploads\/2021\/06\/Uebersicht_Sommerstuhl-1536x728.jpg 1536w, http:\/\/weinbauverein-guentersleben.de\/wp-content\/uploads\/2021\/06\/Uebersicht_Sommerstuhl-940x445.jpg 940w, http:\/\/weinbauverein-guentersleben.de\/wp-content\/uploads\/2021\/06\/Uebersicht_Sommerstuhl-844x400.jpg 844w, http:\/\/weinbauverein-guentersleben.de\/wp-content\/uploads\/2021\/06\/Uebersicht_Sommerstuhl.jpg 1708w\" sizes=\"auto, (max-width: 1024px) 100vw, 1024px\" \/><\/figure>\n","protected":false},"excerpt":{"rendered":"<p>Der Weinbauverein G\u00fcntersleben wurde gegr\u00fcndet am 11. Juli 1990. Von den 62 Mitgliedern sind 17 selbstvermarktende Weinbaubetriebe. Unsere Weinlage, der G\u00fcnterslebener Sommerstuhl, geh\u00f6rt mit seinen 17 Hektar zur Gro\u00dflange Th\u00fcngersheimer Ravensburg. Angebaut werden die Rebsorten&hellip; <a href=\"http:\/\/weinbauverein-guentersleben.de\/\">Mehr<\/a><\/p>\n","protected":false},"author":1,"featured_media":0,"parent":0,"menu_order":0,"comment_status":"closed","ping_status":"open","template":"","meta":{"jetpack_post_was_ever_published":false,"footnotes":""},"class_list":["post-2","page","type-page","status-publish","hentry"],"jetpack_sharing_enabled":true,"jetpack_shortlink":"https:\/\/wp.me\/P8DGnW-2","_links":{"self":[{"href":"http:\/\/weinbauverein-guentersleben.de\/index.php?rest_route=\/wp\/v2\/pages\/2","targetHints":{"allow":["GET"]}}],"collection":[{"href":"http:\/\/weinbauverein-guentersleben.de\/index.php?rest_route=\/wp\/v2\/pages"}],"about":[{"href":"http:\/\/weinbauverein-guentersleben.de\/index.php?rest_route=\/wp\/v2\/types\/page"}],"author":[{"embeddable":true,"href":"http:\/\/weinbauverein-guentersleben.de\/index.php?rest_route=\/wp\/v2\/users\/1"}],"replies":[{"embeddable":true,"href":"http:\/\/weinbauverein-guentersleben.de\/index.php?rest_route=%2Fwp%2Fv2%2Fcomments&post=2"}],"version-history":[{"count":9,"href":"http:\/\/weinbauverein-guentersleben.de\/index.php?rest_route=\/wp\/v2\/pages\/2\/revisions"}],"predecessor-version":[{"id":1918,"href":"http:\/\/weinbauverein-guentersleben.de\/index.php?rest_route=\/wp\/v2\/pages\/2\/revisions\/1918"}],"wp:attachment":[{"href":"http:\/\/weinbauverein-guentersleben.de\/index.php?rest_route=%2Fwp%2Fv2%2Fmedia&parent=2"}],"curies":[{"name":"wp","href":"https:\/\/api.w.org\/{rel}","templated":true}]}}