{"id":152,"date":"2017-05-01T17:02:26","date_gmt":"2017-05-01T17:02:26","guid":{"rendered":"http:\/\/weinbauverein-guentersleben.de\/?page_id=152"},"modified":"2024-07-30T15:48:13","modified_gmt":"2024-07-30T13:48:13","slug":"unsere-winzer","status":"publish","type":"page","link":"http:\/\/weinbauverein-guentersleben.de\/?page_id=152","title":{"rendered":"Unsere Winzer"},"content":{"rendered":"<p><a href=\"http:\/\/weinbauverein-guentersleben.de\/wp-content\/uploads\/2018\/06\/0003_170618WeinbergswanderungSommerstuhlG\u00fcntersleben_Weinbauverein.jpg\"><img loading=\"lazy\" decoding=\"async\" class=\"alignleft wp-image-967 size-thumbnail\" src=\"http:\/\/weinbauverein-guentersleben.de\/wp-content\/uploads\/2018\/06\/0003_170618WeinbergswanderungSommerstuhlG\u00fcntersleben_Weinbauverein-150x150.jpg\" alt=\"\" width=\"150\" height=\"150\" \/><\/a>Klein aber fein &#8211; das trifft nicht nur auf die Weinlage G\u00fcnterslebener Sommerstuhl, sondern auch auf die G\u00fcnterslebener Winzer zu. Alle Betriebe bewirtschaften ihre Weinberge im Nebenerwerb. Dass sie dies mit viel Herz und besonderer Leidenschaft tun, kann man bei einem Rundgang \u00fcber den G\u00fcntersebener Weinbergspfad sehen. Gut gepflegte Weinberge pr\u00e4gen das Bild, aber auch kleine Besonderheiten wie Rosen an den Rebzeilen, Tr\u00e4ubelhyazinthen und Weinbersgtulpen.<\/p>\n<p>Die Maternush\u00fctte im Herzen des Sommerstuhls steht allen Winzern zur Nutzung zur Verf\u00fcgung &#8211; hier findet der Ausklang bei gemeinsamen Aktionen mit den Sch\u00fclern der Ignatius-Gropp-Schule oder Bewirtungen im Rahmen der legend\u00e4ren Weinbergswanderung und dem Liederabend statt. Ein besonderes Highlight ist eine Weinverkostung an einem sonnigen Tag mit einem unserer Winzer oder <a href=\"http:\/\/weinbauverein-guentersleben.de\/?page_id=165\">G\u00e4stef\u00fchrer Weinerlebnis Franken<\/a>.<\/p>\n<h4><strong>Unsere Winzer<\/strong><\/h4>\n<ul>\n<li>Weinbau Raimund Ehehalt<\/li>\n<li>Dieter Jo\u00dfberger<\/li>\n<li>G\u00fcnter Jo\u00dfberger<\/li>\n<li>Urban Kaupert<\/li>\n<li><a href=\"http:\/\/weinbauverein-guentersleben.de\/wp-content\/uploads\/2017\/05\/Winzerportrait_Keller.pdf\">Weinbau Keller<\/a><\/li>\n<li><a href=\"http:\/\/weinbauverein-guentersleben.de\/wp-content\/uploads\/2017\/05\/Winzerportrait_Kilian.pdf\">Weinhaus Kilian<\/a><\/li>\n<li><a href=\"http:\/\/weinbauverein-guentersleben.de\/wp-content\/uploads\/2017\/05\/Winzerportrait_K\u00f6hler.pdf\">Weinbau Gottfried K\u00f6hler-S\u00f6hne<\/a><\/li>\n<li>Andreas Kuhn<\/li>\n<li>Roland Lorenz<\/li>\n<li><a href=\"http:\/\/www.heckenwirtschaft-neubert.de\/\">Heckenwirtschaft Neubert<\/a><\/li>\n<li>Helmut \u00d6ffner<\/li>\n<li><a href=\"http:\/\/weinbauverein-guentersleben.de\/wp-content\/uploads\/2017\/05\/Winzerportrait_Sch\u00f6mig.pdf\">Weinbau Sch\u00f6mig<\/a><\/li>\n<li><a href=\"http:\/\/weinbauverein-guentersleben.de\/wp-content\/uploads\/2022\/04\/Schoenmueller_Gaestefuehrer_v3.pdf\">Claudia Sch\u00f6nm\u00fcller<\/a><\/li>\n<li><a href=\"http:\/\/weinbauverein-guentersleben.de\/wp-content\/uploads\/2024\/07\/Winzerportrait_Weinhauswolf.pdf\">Weinhaus Wolf<\/a><\/li>\n<li><a href=\"http:\/\/weinbauverein-guentersleben.de\/wp-content\/uploads\/2017\/05\/Winzerportrait_Will_2.pdf\">Weinbau Will<\/a><\/li>\n<li>Armin Ziegler<\/li>\n<li><a href=\"http:\/\/weinbauverein-guentersleben.de\/wp-content\/uploads\/2017\/05\/Winzerportrait_Bernhard_Ziegler.pdf\">Weinbau Bernhard Ziegler<\/a><\/li>\n<li><a href=\"http:\/\/weinbauverein-guentersleben.de\/wp-content\/uploads\/2017\/05\/Winzerportrait_Walter_Ziegler.pdf\">Weinbau Walter Ziegler<\/a><\/li>\n<\/ul>\n","protected":false},"excerpt":{"rendered":"<p>Klein aber fein &#8211; das trifft nicht nur auf die Weinlage G\u00fcnterslebener Sommerstuhl, sondern auch auf die G\u00fcnterslebener Winzer zu. Alle Betriebe bewirtschaften ihre Weinberge im Nebenerwerb. Dass sie dies mit viel Herz und besonderer&hellip; <a href=\"http:\/\/weinbauverein-guentersleben.de\/?page_id=152\">Mehr<\/a><\/p>\n","protected":false},"author":1,"featured_media":0,"parent":2,"menu_order":1,"comment_status":"closed","ping_status":"closed","template":"","meta":{"jetpack_post_was_ever_published":false,"footnotes":""},"class_list":["post-152","page","type-page","status-publish","hentry"],"jetpack_sharing_enabled":true,"jetpack_shortlink":"https:\/\/wp.me\/P8DGnW-2s","_links":{"self":[{"href":"http:\/\/weinbauverein-guentersleben.de\/index.php?rest_route=\/wp\/v2\/pages\/152","targetHints":{"allow":["GET"]}}],"collection":[{"href":"http:\/\/weinbauverein-guentersleben.de\/index.php?rest_route=\/wp\/v2\/pages"}],"about":[{"href":"http:\/\/weinbauverein-guentersleben.de\/index.php?rest_route=\/wp\/v2\/types\/page"}],"author":[{"embeddable":true,"href":"http:\/\/weinbauverein-guentersleben.de\/index.php?rest_route=\/wp\/v2\/users\/1"}],"replies":[{"embeddable":true,"href":"http:\/\/weinbauverein-guentersleben.de\/index.php?rest_route=%2Fwp%2Fv2%2Fcomments&post=152"}],"version-history":[{"count":10,"href":"http:\/\/weinbauverein-guentersleben.de\/index.php?rest_route=\/wp\/v2\/pages\/152\/revisions"}],"predecessor-version":[{"id":2700,"href":"http:\/\/weinbauverein-guentersleben.de\/index.php?rest_route=\/wp\/v2\/pages\/152\/revisions\/2700"}],"up":[{"embeddable":true,"href":"http:\/\/weinbauverein-guentersleben.de\/index.php?rest_route=\/wp\/v2\/pages\/2"}],"wp:attachment":[{"href":"http:\/\/weinbauverein-guentersleben.de\/index.php?rest_route=%2Fwp%2Fv2%2Fmedia&parent=152"}],"curies":[{"name":"wp","href":"https:\/\/api.w.org\/{rel}","templated":true}]}}